{"id":130,"date":"2016-11-20T04:05:12","date_gmt":"2016-11-20T04:05:12","guid":{"rendered":"http:\/\/fet-uat.net\/sutauat\/v10\/?page_id=130"},"modified":"2021-09-21T17:20:04","modified_gmt":"2021-09-21T17:20:04","slug":"historia","status":"publish","type":"page","link":"https:\/\/sutauat.org\/sitio\/historia\/","title":{"rendered":"Historia"},"content":{"rendered":"<div class=\"wpb-content-wrapper\"><p>[vc_row][vc_column][wd_headings headings_title=\u00bbSUTAUAT\u00bb headings_subtitle=\u00bb\u00bb headings_separator=\u00bbborder\u00bb headings_separator_border_color=\u00bb#ed8f23&#8243; wd_heading_font_weight=\u00bb400&#8243; wd_sub_heading_font_weight=\u00bb400&#8243;][vc_column_text]<\/p>\n<p style=\"text-align: center;\">El Sindicato \u00danico de Trabajadores Acad\u00e9micos de la Universidad Aut\u00f3noma de Tamaulipas es una organizaci\u00f3n sindical, debidamente constituida conforme a las leyes nacionales, con el numero de registro 1035\/04, ante la junta local de conciliaci\u00f3n y arbitraje, y tiene por objeto el estudio, mejoramiento y defensa de los intereses comunes a los trabajadores que lo integran, pugnando por elevar las condiciones de vida de los mismos, en lo econ\u00f3mico, social y cultural.<\/p>\n<p>[\/vc_column_text][wd_headings headings_title=\u00bbHistoria\u00bb headings_subtitle=\u00bb\u00bb headings_separator=\u00bbborder\u00bb headings_separator_border_color=\u00bb#ed8f23&#8243; wd_heading_font_weight=\u00bb400&#8243; wd_sub_heading_font_weight=\u00bb400&#8243;][vc_column_text]<\/p>\n<p style=\"text-align: center;\">De conformidad con el acta de Asamblea celebrada el d\u00eda 12 del mes de mayo del a\u00f1o 2004, queda constituido el Sindicato \u00danico de Trabajadores Acad\u00e9micos de la Universidad Aut\u00f3noma de Tamaulipas, identificado con la siglas SUTAUAT, as\u00ed mismo de conformidad con lo establecido en los art\u00edculos 353-\u00d1 fracci\u00f3n I, 353 O, 357 y 360 fracci\u00f3n II de la Ley Federal del Trabajo y art\u00edculo 123 fracci\u00f3n XVI de la Constituci\u00f3n Pol\u00edtica de los Estados Unidos Mexicanos.<\/p>\n<p>[\/vc_column_text][wd_headings headings_title=\u00bbObjetivo\u00bb headings_subtitle=\u00bb\u00bb headings_separator=\u00bbborder\u00bb headings_separator_border_color=\u00bb#ed8f23&#8243; wd_heading_font_weight=\u00bb400&#8243; wd_sub_heading_font_weight=\u00bb400&#8243;][vc_column_text]<\/p>\n<p style=\"text-align: center;\">El Sindicato \u00danico de Trabajadores Acad\u00e9micos de la Universidad Aut\u00f3noma de Tamaulipas, fue constituido con el objeto de estudio, mejoramiento y defensa de los intereses comunes a los trabajadores que lo integran, pugnando por elevar las condiciones de vida de los mismos, en lo econ\u00f3mico, social y cultural<\/p>\n<p>[\/vc_column_text][wd_headings headings_title=\u00bbLema\u00bb headings_subtitle=\u00bb\u00bb headings_separator=\u00bbborder\u00bb headings_separator_border_color=\u00bb#ed8f23&#8243; wd_heading_font_weight=\u00bb400&#8243; wd_sub_heading_font_weight=\u00bb400&#8243;][vc_column_text]<\/p>\n<p style=\"text-align: center;\">\u201cPor la Superaci\u00f3n Acad\u00e9mica y Laboral\u201d<\/p>\n<p>[\/vc_column_text][wd_headings headings_title=\u00bbLogotipo\u00bb headings_subtitle=\u00bb\u00bb headings_separator=\u00bbborder\u00bb headings_separator_border_color=\u00bb#ed8f23&#8243; wd_heading_font_weight=\u00bb400&#8243; wd_sub_heading_font_weight=\u00bb400&#8243;][vc_row_inner][vc_column_inner width=\u00bb2\/3&#8243;][vc_column_text css=\u00bb.vc_custom_1560272629238{background-position: center !important;background-repeat: no-repeat !important;background-size: cover !important;}\u00bb]<\/p>\n<p style=\"text-align: center;\">El Logotipo es el s\u00edmbolo que distingue al Sindicato \u00danico de Trabajadores Acad\u00e9micos de la Universidad Aut\u00f3noma de Tamaulipas, es y ser\u00e1 utilizado en todos los tr\u00e1mites oficiales, su contenido es, colores: Institucionales de la Universidad Aut\u00f3noma de Tamaulipas, Equilibrio: Radial (uni\u00f3n y Armon\u00eda), los Libros y el Escudo, denotan: Equilibrio Universal de las triadas, as\u00ed como la sabidur\u00eda acad\u00e9mica se anexa el escudo institucional de la U.A.T., para no perder de vista nuestra m\u00e1xima casa de estudios, Uni\u00f3n, estabilidad, compa\u00f1erismo, compromiso y abiertos al di\u00e1logo.<\/p>\n<p>[\/vc_column_text][\/vc_column_inner][vc_column_inner width=\u00bb1\/3&#8243;][vc_single_image image=\u00bb2019&#8243; alignment=\u00bbcenter\u00bb onclick=\u00bbzoom\u00bb][\/vc_column_inner][\/vc_row_inner][\/vc_column][\/vc_row][vc_row][vc_column][vc_separator color=\u00bbblue\u00bb style=\u00bbshadow\u00bb][\/vc_column][\/vc_row]<\/p>\n<\/div>","protected":false},"excerpt":{"rendered":"<p>[vc_row][vc_column][wd_headings headings_title=\u00bbSUTAUAT\u00bb headings_subtitle=\u00bb\u00bb headings_separator=\u00bbborder\u00bb headings_separator_border_color=\u00bb#ed8f23&#8243; wd_heading_font_weight=\u00bb400&#8243; wd_sub_heading_font_weight=\u00bb400&#8243;][vc_column_text] El Sindicato \u00danico de Trabajadores Acad\u00e9micos de la Universidad Aut\u00f3noma de Tamaulipas es una organizaci\u00f3n sindical, debidamente constituida conforme a las leyes nacionales, con el numero de registro 1035\/04, ante la junta local de conciliaci\u00f3n y arbitraje, y tiene por objeto el estudio, mejoramiento y defensa de los [&hellip;]<\/p>\n","protected":false},"author":1,"featured_media":0,"parent":0,"menu_order":0,"comment_status":"closed","ping_status":"closed","template":"","meta":{"footnotes":""},"class_list":["post-130","page","type-page","status-publish","hentry"],"_links":{"self":[{"href":"https:\/\/sutauat.org\/sitio\/wp-json\/wp\/v2\/pages\/130","targetHints":{"allow":["GET"]}}],"collection":[{"href":"https:\/\/sutauat.org\/sitio\/wp-json\/wp\/v2\/pages"}],"about":[{"href":"https:\/\/sutauat.org\/sitio\/wp-json\/wp\/v2\/types\/page"}],"author":[{"embeddable":true,"href":"https:\/\/sutauat.org\/sitio\/wp-json\/wp\/v2\/users\/1"}],"replies":[{"embeddable":true,"href":"https:\/\/sutauat.org\/sitio\/wp-json\/wp\/v2\/comments?post=130"}],"version-history":[{"count":23,"href":"https:\/\/sutauat.org\/sitio\/wp-json\/wp\/v2\/pages\/130\/revisions"}],"predecessor-version":[{"id":2020,"href":"https:\/\/sutauat.org\/sitio\/wp-json\/wp\/v2\/pages\/130\/revisions\/2020"}],"wp:attachment":[{"href":"https:\/\/sutauat.org\/sitio\/wp-json\/wp\/v2\/media?parent=130"}],"curies":[{"name":"wp","href":"https:\/\/api.w.org\/{rel}","templated":true}]}}