{"id":202,"date":"2016-11-21T14:54:19","date_gmt":"2016-11-21T14:54:19","guid":{"rendered":"http:\/\/fet-uat.net\/sutauat\/v10\/?page_id=202"},"modified":"2022-02-24T17:33:06","modified_gmt":"2022-02-24T17:33:06","slug":"becas","status":"publish","type":"page","link":"https:\/\/sutauat.org\/sitio\/becas\/","title":{"rendered":"Reembolsos"},"content":{"rendered":"<div class=\"wpb-content-wrapper\"><p>[vc_row][vc_column][wd_headings headings_title=\u00bbEducaci\u00f3n de hijos de trabajadores\u00bb headings_subtitle=\u00bb\u00bb headings_separator=\u00bbborder\u00bb headings_separator_border_color=\u00bb#ed8f23&#8243; wd_heading_font_weight=\u00bb400&#8243; wd_sub_heading_font_weight=\u00bb400&#8243;][\/vc_column][\/vc_row][vc_row][vc_column][vc_tta_tabs gap=\u00bb3&#8243; active_section=\u00bb1&#8243; css_animation=\u00bbbounceInLeft\u00bb no_fill_content_area=\u00bbtrue\u00bb][vc_tta_section i_icon_fontawesome=\u00bbfa fa-male\u00bb add_icon=\u00bbtrue\u00bb title=\u00bbDescripci\u00f3n de la prestaci\u00f3n\u00bb tab_id=\u00bb1479739565967-fdeb772b-f67d\u00bb][vc_column_text css_animation=\u00bbnone\u00bb]<\/p>\n<h3 style=\"text-align: center;\"><span style=\"color: #ff6600;\">Licenciatura.<\/span><\/h3>\n<ul>\n<li>Otorgar reembolsos por concepto de educaci\u00f3n\u00a0de\u00a0los hijos de los Trabajadores Acad\u00e9micos Sindicalizados que est\u00e9n estudiando una Carrera en la Universidad Aut\u00f3noma de Tamaulipas.<\/li>\n<li>Consiste\u00a0en el reembolso del pago de la inscripci\u00f3n y colegiatura de la\u00a0Escuela, Facultad o Unidad Acad\u00e9mica en donde estudian los hijos de los trabajadores.<\/li>\n<\/ul>\n<h3 style=\"text-align: center;\"><span style=\"color: #ff6600;\">Maestr\u00eda o doctorado.<\/span><\/h3>\n<ul>\n<li>Reembolso del 100% de \u00a0los gastos que se tengan que cubrir con el motivo de inscripci\u00f3n y colegiaturas a los hijos de los trabajadores acad\u00e9micos que estudien una maestr\u00eda o doctorado en la Universidad Aut\u00f3noma de Tamaulipas-<\/li>\n<li>A los que estudien en una Instituci\u00f3n educativa distinta a la Universidad, se les reembolsar\u00e1\u00a0con el equivalente al pago del costo de la maestr\u00eda o doctorado que se pague en la Universidad Aut\u00f3noma de Tamaulipas, de acuerdo al Reglamento de Becas vigente.<\/li>\n<\/ul>\n<h3 style=\"text-align: center;\"><span style=\"color: #ff6600;\">Preparatoria.<\/span><\/h3>\n<ul>\n<li>Reembolsar el\u00a0100% del pago de la inscripci\u00f3n y colegiatura a los hijos de los trabajadores acad\u00e9micos sindicalizados, que estudien en Preparatorias de la Universidad Aut\u00f3noma de Tamaulipas.<\/li>\n<li>Trat\u00e1ndose de preparatorias incorporadas a la Universidad se les reembolsar\u00e1\u00a0con el equivalente al pago del costo de la inscripci\u00f3n y colegiaturas que se paguen en las Preparatorias dependientes de la Universidad Aut\u00f3noma de Tamaulipas.<\/li>\n<\/ul>\n<p>[\/vc_column_text][\/vc_tta_section][vc_tta_section i_icon_fontawesome=\u00bbfa fa-file-text\u00bb add_icon=\u00bbtrue\u00bb title=\u00bbRequisitos\u00bb tab_id=\u00bb1479739565986-3f763683-3b2f\u00bb][vc_column_text]<\/p>\n<ul>\n<li>Recomendable, hacer su tr\u00e1mite a trav\u00e9s de su secretario local.<\/li>\n<\/ul>\n<ol>\n<li>Se establece que el promedio m\u00ednimo para la obtenci\u00f3n de la beca ser\u00e1 de 8.0.<\/li>\n<li>Llenar el formato respectivo a la prestaci\u00f3n (firmada por su secretario local y el maestro solicitante).<br \/>\nAgregar copia de acta de nacimiento de los hijos de quien se solicita el reembolso (aunque el tr\u00e1mite sea repetitivo semestralmente).<\/li>\n<li>Copia del \u00faltimo comprobante de sueldo del maestro que solicita el reembolso (donde aparezca el descuento de la cuota sindical).<\/li>\n<li>Recibos originales del pago de la colegiatura (solicitud de reembolso)<\/li>\n<\/ol>\n<ul>\n<li>En caso de que el recibo no indique el concepto de pago se deber\u00e1 anexar una constancia de la escuela donde especifique cual es el concepto de pago.<\/li>\n<li>Para que tome nota en caso de no contar con recibo original. Si no cuenta con los recibos originales puede hacer su tr\u00e1mite con copia del recibo, pero con sello original de la escuela (y si el pago lo realiz\u00f3 a trav\u00e9s del banco, el sello original de dicho banco), en este caso deber\u00e1 agregar la constancia por parte de la escuela indicando el concepto de pago aunque el recibo lo especifique (ya que se trata de copia de dicho recibo).<\/li>\n<\/ul>\n<p>[\/vc_column_text][\/vc_tta_section][vc_tta_section i_icon_fontawesome=\u00bbfa fa-file-pdf-o\u00bb add_icon=\u00bbtrue\u00bb title=\u00bbFormato de reembolso\u00bb tab_id=\u00bb1479739931040-57d7d711-0ba2&#8243;][vc_icon icon_fontawesome=\u00bb\u00bb color=\u00bbcustom\u00bb background_style=\u00bbrounded-outline\u00bb background_color=\u00bbcustom\u00bb size=\u00bbxl\u00bb align=\u00bbcenter\u00bb custom_color=\u00bb#0047a1&#8243; link=\u00bburl:https%3A%2F%2Fsutauat.org%2Fsitio%2Fwp-content%2Fuploads%2F2022%2F01%2FREEMBOLSO-CUOTA-INTERNA.pdf|title:SOLICITUD|target:_blank|rel:nofollow\u00bb custom_background_color=\u00bb#0047a1&#8243;][vc_column_text]<\/p>\n<p style=\"text-align: center;\">Descargue el formato de reembolso<\/p>\n<p>[\/vc_column_text][\/vc_tta_section][\/vc_tta_tabs][\/vc_column][\/vc_row][vc_row][vc_column][wd_headings headings_title=\u00bbApoyos para trabajadores acad\u00e9micos\u00bb headings_subtitle=\u00bb\u00bb headings_separator=\u00bbborder\u00bb headings_separator_border_color=\u00bb#ed8f23&#8243; wd_heading_font_weight=\u00bb400&#8243; wd_sub_heading_font_weight=\u00bb400&#8243;][vc_tta_tabs active_section=\u00bb1&#8243; css_animation=\u00bbbounceInRight\u00bb][vc_tta_section i_icon_fontawesome=\u00bbfa fa-male\u00bb add_icon=\u00bbtrue\u00bb title=\u00bbDescripci\u00f3n de la reembolso\u00bb tab_id=\u00bb1479740963301-eea7142b-1d7e\u00bb][vc_column_text]<\/p>\n<h3 style=\"text-align: center;\"><span style=\"color: #ff6600;\">Examen de Maestr\u00eda o Doctorado<\/span><\/h3>\n<ul>\n<li>Apoyar a los Trabajadores Acad\u00e9micos Sindicalizados que presenten examen de Maestr\u00eda o Doctorado, para que se les exente del pago que se hace en Rector\u00eda.<\/li>\n<\/ul>\n<h3 style=\"text-align: center;\"><span style=\"color: #ff6600;\">Estudios de Especialidad<\/span><\/h3>\n<ul>\n<li>Apoyar a los Trabajadores Acad\u00e9micos Sindicalizados, con el reembolso de estudios de Especialidad.<\/li>\n<\/ul>\n<h3 style=\"text-align: center;\"><span style=\"color: #ff6600;\">Para Cursos y\/o Diplomados<\/span><\/h3>\n<ul>\n<li>Apoyar a los trabajadores acad\u00e9micos sindicalizados con el reembolso del pago de inscripci\u00f3n y colegiatura en los distintos cursos y\/o diplomados que se imparten en la Universidad Aut\u00f3noma de Tamaulipas, de acuerdo al Reglamento \u00a0vigente.<\/li>\n<\/ul>\n<p>[\/vc_column_text][\/vc_tta_section][vc_tta_section i_icon_fontawesome=\u00bbfa fa-file-text\u00bb add_icon=\u00bbtrue\u00bb title=\u00bbRequisitos\u00bb tab_id=\u00bb1479740963372-1478f8e1-976b\u00bb][vc_column_text]Proporcionar al secretario general local la siguiente documentaci\u00f3n:<\/p>\n<ul>\n<li>Formato de tr\u00e1mite de prestaci\u00f3n<\/li>\n<li>Copia del recibo de nomina<\/li>\n<li>Copia de Acta de Nacimiento<\/li>\n<li>Recibos originales de pagos realizados.<\/li>\n<\/ul>\n<p>[\/vc_column_text][\/vc_tta_section][vc_tta_section i_icon_fontawesome=\u00bbfa fa-file-pdf-o\u00bb add_icon=\u00bbtrue\u00bb title=\u00bbFormato de reembolso\u00bb tab_id=\u00bb1479740963471-3d99528a-6b68&#8243;][vc_icon icon_fontawesome=\u00bb\u00bb color=\u00bbcustom\u00bb background_style=\u00bbrounded-outline\u00bb background_color=\u00bbcustom\u00bb size=\u00bbxl\u00bb align=\u00bbcenter\u00bb custom_color=\u00bb#0047a1&#8243; link=\u00bburl:https%3A%2F%2Fsutauat.org%2Fsitio%2Fwp-content%2Fuploads%2F2022%2F01%2FREEMBOLSO-CUOTA-INTERNA.pdf|title:SOLICITUD|target:_blank|rel:nofollow\u00bb custom_background_color=\u00bb#0047a1&#8243;][vc_column_text]<\/p>\n<p style=\"text-align: center;\">Descargue el formato de\u00a0reembolso<\/p>\n<p>[\/vc_column_text][\/vc_tta_section][\/vc_tta_tabs][vc_message color=\u00bbinfo\u00bb style=\u00bbsquare\u00bb css_animation=\u00bbfadeInLeft\u00bb]<span style=\"color: #003366;\">Compa\u00f1ero maestro, recuerda que cuanto m\u00e1s puntual seas en la entrega de tu solicitud y los requisitos est\u00e9n cubiertos completamente, nos das la oportunidad de servirte mejor y de manera \u00e1gil.<\/span><\/p>\n<p><span style=\"color: #003366;\">Debes considerar tambi\u00e9n que este reembolso se hace a trav\u00e9s de n\u00f3mina y las n\u00f3minas se encuentran en tr\u00e1mite de manera anticipada por lo que deber\u00e1s tomar en cuenta el tiempo en el que haces llegar tu solicitud completamente requisitada y por lo menos dos quincenas para que sea acreditado tu pago.<\/span>[\/vc_message][\/vc_column][\/vc_row]<\/p>\n<\/div>","protected":false},"excerpt":{"rendered":"<p>[vc_row][vc_column][wd_headings headings_title=\u00bbEducaci\u00f3n de hijos de trabajadores\u00bb headings_subtitle=\u00bb\u00bb headings_separator=\u00bbborder\u00bb headings_separator_border_color=\u00bb#ed8f23&#8243; wd_heading_font_weight=\u00bb400&#8243; wd_sub_heading_font_weight=\u00bb400&#8243;][\/vc_column][\/vc_row][vc_row][vc_column][vc_tta_tabs gap=\u00bb3&#8243; active_section=\u00bb1&#8243; css_animation=\u00bbbounceInLeft\u00bb no_fill_content_area=\u00bbtrue\u00bb][vc_tta_section i_icon_fontawesome=\u00bbfa fa-male\u00bb add_icon=\u00bbtrue\u00bb title=\u00bbDescripci\u00f3n de la prestaci\u00f3n\u00bb tab_id=\u00bb1479739565967-fdeb772b-f67d\u00bb][vc_column_text css_animation=\u00bbnone\u00bb] Licenciatura. Otorgar reembolsos por concepto de educaci\u00f3n\u00a0de\u00a0los hijos de los Trabajadores Acad\u00e9micos Sindicalizados que est\u00e9n estudiando una Carrera en la Universidad Aut\u00f3noma de Tamaulipas. Consiste\u00a0en el reembolso del pago de la [&hellip;]<\/p>\n","protected":false},"author":1,"featured_media":0,"parent":0,"menu_order":0,"comment_status":"closed","ping_status":"closed","template":"","meta":{"footnotes":""},"class_list":["post-202","page","type-page","status-publish","hentry"],"_links":{"self":[{"href":"https:\/\/sutauat.org\/sitio\/wp-json\/wp\/v2\/pages\/202","targetHints":{"allow":["GET"]}}],"collection":[{"href":"https:\/\/sutauat.org\/sitio\/wp-json\/wp\/v2\/pages"}],"about":[{"href":"https:\/\/sutauat.org\/sitio\/wp-json\/wp\/v2\/types\/page"}],"author":[{"embeddable":true,"href":"https:\/\/sutauat.org\/sitio\/wp-json\/wp\/v2\/users\/1"}],"replies":[{"embeddable":true,"href":"https:\/\/sutauat.org\/sitio\/wp-json\/wp\/v2\/comments?post=202"}],"version-history":[{"count":11,"href":"https:\/\/sutauat.org\/sitio\/wp-json\/wp\/v2\/pages\/202\/revisions"}],"predecessor-version":[{"id":2159,"href":"https:\/\/sutauat.org\/sitio\/wp-json\/wp\/v2\/pages\/202\/revisions\/2159"}],"wp:attachment":[{"href":"https:\/\/sutauat.org\/sitio\/wp-json\/wp\/v2\/media?parent=202"}],"curies":[{"name":"wp","href":"https:\/\/api.w.org\/{rel}","templated":true}]}}