{"id":40,"date":"2016-11-18T19:25:01","date_gmt":"2016-11-18T19:25:01","guid":{"rendered":"http:\/\/fet-uat.net\/sutauat\/v10\/?page_id=40"},"modified":"2021-09-21T17:07:42","modified_gmt":"2021-09-21T17:07:42","slug":"capsutauat","status":"publish","type":"page","link":"https:\/\/sutauat.org\/sitio\/capsutauat\/","title":{"rendered":"CAPSUTAUAT"},"content":{"rendered":"<div class=\"wpb-content-wrapper\"><p>[vc_row][vc_column][wd_headings headings_title=\u00bbCAPSUTAUAT\u00bb headings_subtitle=\u00bb\u00bb headings_separator=\u00bbborder\u00bb headings_separator_border_color=\u00bb#ed8f23&#8243; wd_heading_font_weight=\u00bb400&#8243; wd_sub_heading_font_weight=\u00bb400&#8243;][vc_column_text css_animation=\u00bbfadeIn\u00bb]<\/p>\n<h4>Fomentar el ahorro entre el personal acad\u00e9mico que labora en la UAT mediante aportaciones quincenales a trav\u00e9s de su descuento v\u00eda nomina.<\/h4>\n<p>[\/vc_column_text][\/vc_column][\/vc_row][vc_row][vc_column width=\u00bb1\/2&#8243;][vc_icon icon_fontawesome=\u00bbfa fa-bookmark\u00bb color=\u00bbcustom\u00bb background_style=\u00bbrounded\u00bb background_color=\u00bbcustom\u00bb size=\u00bbxl\u00bb align=\u00bbcenter\u00bb custom_color=\u00bb#ffffff\u00bb custom_background_color=\u00bb#0047a1&#8243; link=\u00bburl:http%3A%2F%2Fsutauat.org%2Fsitio%2Fwp-content%2Fuploads%2F2020%2F06%2FREGLAMENTO-JUNIO-2020.pdf|title:Reglamento%20de%20la%20caja%20de%20ahorro.|target:%20_blank|\u00bb][vc_column_text]<\/p>\n<h4 style=\"text-align: center;\"><a href=\"http:\/\/sutauat.org\/sitio\/wp-content\/uploads\/2020\/06\/REGLAMENTO-JUNIO-2020.pdf\">Reglamento Capsutauat.<\/a><\/h4>\n<p>[\/vc_column_text][\/vc_column][vc_column width=\u00bb1\/2&#8243;][vc_icon icon_fontawesome=\u00bbfa fa-user\u00bb color=\u00bbwhite\u00bb background_style=\u00bbrounded\u00bb background_color=\u00bbcustom\u00bb size=\u00bbxl\u00bb align=\u00bbcenter\u00bb custom_background_color=\u00bb#0047a1&#8243; link=\u00bburl:http%3A%2F%2Fsutauat.org%2Fsitio%2Fwp-content%2Fuploads%2F2020%2F06%2FCAP-B-1-SOLICITUD-DE-PRESTAMO-Y-O-REESTRUCTURA.pdf|title:SOLICITUD|target:%20_blank|\u00bb][vc_column_text]<\/p>\n<h4 style=\"text-align: center;\"><a href=\"http:\/\/sutauat.org\/sitio\/wp-content\/uploads\/2020\/06\/CAP-B-1-SOLICITUD-DE-PRESTAMO-Y-O-REESTRUCTURA.pdf\">Solicitud de prestamo o reestructura personal<\/a><\/h4>\n<p>[\/vc_column_text][\/vc_column][\/vc_row][vc_row][vc_column width=\u00bb1\/3&#8243;][vc_icon icon_fontawesome=\u00bbfa fa-arrow-up\u00bb color=\u00bbwhite\u00bb background_style=\u00bbrounded\u00bb background_color=\u00bbcustom\u00bb size=\u00bbxl\u00bb align=\u00bbcenter\u00bb custom_background_color=\u00bb#0047a1&#8243; link=\u00bburl:http%3A%2F%2Fsutauat.org%2Fsitio%2Fwp-content%2Fuploads%2F2020%2F06%2FCAP-A-1-SOLICITUD-DE-AFILIACION.pdf||target:%20_blank|\u00bb][vc_column_text]<\/p>\n<h4 style=\"text-align: center;\"><a href=\"http:\/\/sutauat.org\/sitio\/wp-content\/uploads\/2020\/06\/CAP-A-1-SOLICITUD-DE-AFILIACION.pdf\" target=\"_blank\" rel=\"noopener noreferrer\">Formato de solicitud de alta<\/a><\/h4>\n<p>[\/vc_column_text][\/vc_column][vc_column width=\u00bb1\/3&#8243;][vc_icon icon_fontawesome=\u00bbfa fa-arrow-down\u00bb color=\u00bbwhite\u00bb background_style=\u00bbrounded\u00bb background_color=\u00bbcustom\u00bb size=\u00bbxl\u00bb align=\u00bbcenter\u00bb custom_background_color=\u00bb#0047a1&#8243; link=\u00bburl:http%3A%2F%2Fsutauat.org%2Fsitio%2Fwp-content%2Fuploads%2F2020%2F06%2FCAP-A-4-FORMATO-DE-BAJA-DE-C.A.P.S.U.T.A.U.A.T_.pdf|title:Formato%20de%20baja%20de%20caja%20de%20ahorro|target:%20_blank|\u00bb][vc_column_text]<\/p>\n<h4 style=\"text-align: center;\"><a href=\"http:\/\/sutauat.org\/sitio\/wp-content\/uploads\/2020\/06\/CAP-A-4-FORMATO-DE-BAJA-DE-C.A.P.S.U.T.A.U.A.T_.pdf\" target=\"_blank\" rel=\"noopener noreferrer\">Formato de baja de Capsutauat<\/a><\/h4>\n<p>[\/vc_column_text][\/vc_column][vc_column width=\u00bb1\/3&#8243;][vc_icon icon_fontawesome=\u00bbfa fa-refresh\u00bb color=\u00bbwhite\u00bb background_style=\u00bbrounded\u00bb background_color=\u00bbcustom\u00bb size=\u00bbxl\u00bb align=\u00bbcenter\u00bb custom_background_color=\u00bb#0047a1&#8243; link=\u00bburl:http%3A%2F%2Fsutauat.org%2Fsitio%2Fwp-content%2Fuploads%2F2020%2F06%2FCAP-A-3-FORMATO-DE-REEMBOLSO.pdf|title:Formato%20de%20reembolso|target:%20_blank|\u00bb][vc_column_text]<\/p>\n<h4 style=\"text-align: center;\"><a href=\"http:\/\/sutauat.org\/sitio\/wp-content\/uploads\/2020\/06\/CAP-A-3-FORMATO-DE-REEMBOLSO.pdf\" target=\"_blank\" rel=\"noopener noreferrer\">Formato de\u00a0reembolso<\/a><\/h4>\n<p>[\/vc_column_text][\/vc_column][\/vc_row][vc_row full_width=\u00bbstretch_row\u00bb css=\u00bb.vc_custom_1480977246346{background-color: #f4f4f4 !important;}\u00bb][vc_column width=\u00bb1\/2&#8243;][vc_icon icon_fontawesome=\u00bbfa fa-code\u00bb color=\u00bbwhite\u00bb background_style=\u00bbrounded\u00bb background_color=\u00bbcustom\u00bb size=\u00bbxl\u00bb align=\u00bbcenter\u00bb link=\u00bburl:http%3A%2F%2Fsutauat.org%2Fsitio%2Fwp-content%2Fuploads%2F2020%2F06%2FCAP-A-2-SOLICITUD-DE-INCREMENTO-O-DECREMENTO-DE-AHORRO.pdf|title:http%3A%2F%2Fsutauat.org%2Fsitio%2Fwp-content%2Fuploads%2F2017%2F06%2FCAP-A-2-INCREMENTO-O-DECREMENTO.pdf|target:%20_blank|\u00bb el_class=\u00bbSolicitud de incremento o Decremento\u00bb custom_background_color=\u00bb#184aa0&#8243;][vc_column_text]<\/p>\n<h4 style=\"text-align: center;\"><a href=\"http:\/\/sutauat.org\/sitio\/wp-content\/uploads\/2020\/06\/CAP-A-2-SOLICITUD-DE-INCREMENTO-O-DECREMENTO-DE-AHORRO.pdf\">Formato de Solicitud de Incremento o Decremento<\/a><\/h4>\n<p>[\/vc_column_text][wd_headings headings_title=\u00bbF.A.Q.\u00bb headings_subtitle=\u00bbSecci\u00f3n de preguntas y respuestas\u00bb headings_separator=\u00bbborder\u00bb headings_separator_border_color=\u00bb#ed8f23&#8243; wd_heading_font_weight=\u00bb400&#8243; wd_sub_heading_font_weight=\u00bb400&#8243;][vc_toggle title=\u00bb\u00bfCual es el porcentaje de mi sueldo que me descontar\u00edan por quincena al pertenecer a la caja de ahorro?\u00bb color=\u00bbblue\u00bb size=\u00bblg\u00bb el_id=\u00bb1480976684998-d50b60d0-1b59&#8243;]El 6 % como m\u00ednimo.[\/vc_toggle][vc_toggle title=\u00bb\u00bfEste descuento ser\u00eda sobre el sueldo base?\u00bb color=\u00bbblue\u00bb size=\u00bblg\u00bb el_id=\u00bb1480976931258-36baff1f-a420&#8243;]En efecto es sobre el salario base de Docente[\/vc_toggle][vc_toggle title=\u00bbSi ahorro durante un a\u00f1o, \u00bfpuedo despu\u00e9s hacer retiros de mi ahorro? \u00bfAl cuanto tiempo?\u00bb color=\u00bbblue\u00bb size=\u00bblg\u00bb el_id=\u00bb1480976989077-f52903e5-d69d\u00bb]<\/p>\n<ul>\n<li>Solo se otorgan dos reembolsos al a\u00f1o por docentes seg\u00fan estatus dentro de CAPSUTAUAT.<\/li>\n<li>En caso de no contar con pr\u00e9stamo se le otorgara el 85% generado a la ultima fecha de corte.<\/li>\n<li>En caso de contar con pr\u00e9stamo se le otorgara el 66% siempre y cuando lleve el 60% del pr\u00e9stamo pagado.<\/li>\n<\/ul>\n<p>[\/vc_toggle][vc_toggle title=\u00bb\u00bfHay alg\u00fan costo por inscribirme a la caja?\u00bb color=\u00bbblue\u00bb size=\u00bblg\u00bb el_id=\u00bb1480977023827-35bd0fd1-9c4c\u00bb]No hay costo alguno.[\/vc_toggle][vc_toggle title=\u00bbYa inscrito en la caja, \u00bfQu\u00e9 porcentaje de inter\u00e9s se paga por los ahorros?\u00bb color=\u00bbblue\u00bb size=\u00bblg\u00bb el_id=\u00bb1480977042533-74fcdb0a-8be7&#8243;]El porcentaje del rendimiento que se le cubrir\u00e1 a los afiliados en forma mensual, tomando como base la tasa de rendimiento promedio en la pagina oficial(Banco Nacional de M\u00e9xico).[\/vc_toggle][vc_toggle title=\u00bbYa inscrita en la caja, \u00bfqu\u00e9 porcentaje de inter\u00e9s se paga por los pr\u00e9stamos?\u00bb color=\u00bbblue\u00bb size=\u00bblg\u00bb el_id=\u00bb1480977081818-7e78a54f-0320&#8243;]Como ahorrador la tasa preferencial es de 13% anual.[\/vc_toggle][vc_toggle title=\u00bb\u00bfEste porcentaje es anual?\u00bb color=\u00bbblue\u00bb size=\u00bblg\u00bb el_id=\u00bb1480977110832-2aeed1b8-bbd6&#8243;]Si es anual sobre saldos insolutos.[\/vc_toggle][vc_toggle title=\u00bbSi quiero solicitar un pr\u00e9stamo de $ 40,000.00 a pagar en 1 a\u00f1o (24 quincenas), estamos hablando de que pagar\u00eda ya con el inter\u00e9s (17.75% actual) un monto total de $47,100.00&#8243; color=\u00bbblue\u00bb size=\u00bblg\u00bb el_id=\u00bb1480977177456-754a4fd1-8304&#8243;]Pagar\u00eda un total de $ 42,764.40 con un descuento quincenal de $ 1,781.85.[\/vc_toggle][\/vc_column][vc_column width=\u00bb1\/2&#8243;][vc_icon icon_fontawesome=\u00bbfa fa-user-plus\u00bb color=\u00bbwhite\u00bb background_style=\u00bbrounded\u00bb background_color=\u00bbcustom\u00bb size=\u00bbxl\u00bb align=\u00bbcenter\u00bb custom_background_color=\u00bb#0753b7&#8243; link=\u00bburl:http%3A%2F%2Fsutauat.org%2Fsitio%2Fwp-content%2Fuploads%2F2020%2F06%2FCAP-C-1-SOLICITUD-DE-ENTREGA-DE-AHORRO-A-BENEFICIARIOS.pdf||target:%20_blank|\u00bb][vc_column_text]<\/p>\n<h4 style=\"text-align: center;\"><a href=\"http:\/\/sutauat.org\/sitio\/wp-content\/uploads\/2020\/06\/CAP-C-1-SOLICITUD-DE-ENTREGA-DE-AHORRO-A-BENEFICIARIOS.pdf\" target=\"_blank\" rel=\"noopener\">Formato de Entrega Ahorro a Beneficiarios<\/a><\/h4>\n<p>[\/vc_column_text][\/vc_column][\/vc_row][vc_row][vc_column][\/vc_column][\/vc_row]<\/p>\n<\/div>","protected":false},"excerpt":{"rendered":"<p>[vc_row][vc_column][wd_headings headings_title=\u00bbCAPSUTAUAT\u00bb headings_subtitle=\u00bb\u00bb headings_separator=\u00bbborder\u00bb headings_separator_border_color=\u00bb#ed8f23&#8243; wd_heading_font_weight=\u00bb400&#8243; wd_sub_heading_font_weight=\u00bb400&#8243;][vc_column_text css_animation=\u00bbfadeIn\u00bb] Fomentar el ahorro entre el personal acad\u00e9mico que labora en la UAT mediante aportaciones quincenales a trav\u00e9s de su descuento v\u00eda nomina. [\/vc_column_text][\/vc_column][\/vc_row][vc_row][vc_column width=\u00bb1\/2&#8243;][vc_icon icon_fontawesome=\u00bbfa fa-bookmark\u00bb color=\u00bbcustom\u00bb background_style=\u00bbrounded\u00bb background_color=\u00bbcustom\u00bb size=\u00bbxl\u00bb align=\u00bbcenter\u00bb custom_color=\u00bb#ffffff\u00bb custom_background_color=\u00bb#0047a1&#8243; link=\u00bburl:http%3A%2F%2Fsutauat.org%2Fsitio%2Fwp-content%2Fuploads%2F2020%2F06%2FREGLAMENTO-JUNIO-2020.pdf|title:Reglamento%20de%20la%20caja%20de%20ahorro.|target:%20_blank|\u00bb][vc_column_text] Reglamento Capsutauat. [\/vc_column_text][\/vc_column][vc_column width=\u00bb1\/2&#8243;][vc_icon icon_fontawesome=\u00bbfa fa-user\u00bb color=\u00bbwhite\u00bb background_style=\u00bbrounded\u00bb background_color=\u00bbcustom\u00bb size=\u00bbxl\u00bb align=\u00bbcenter\u00bb custom_background_color=\u00bb#0047a1&#8243; link=\u00bburl:http%3A%2F%2Fsutauat.org%2Fsitio%2Fwp-content%2Fuploads%2F2020%2F06%2FCAP-B-1-SOLICITUD-DE-PRESTAMO-Y-O-REESTRUCTURA.pdf|title:SOLICITUD|target:%20_blank|\u00bb][vc_column_text] [&hellip;]<\/p>\n","protected":false},"author":1,"featured_media":0,"parent":0,"menu_order":0,"comment_status":"closed","ping_status":"closed","template":"","meta":{"footnotes":""},"class_list":["post-40","page","type-page","status-publish","hentry"],"_links":{"self":[{"href":"https:\/\/sutauat.org\/sitio\/wp-json\/wp\/v2\/pages\/40","targetHints":{"allow":["GET"]}}],"collection":[{"href":"https:\/\/sutauat.org\/sitio\/wp-json\/wp\/v2\/pages"}],"about":[{"href":"https:\/\/sutauat.org\/sitio\/wp-json\/wp\/v2\/types\/page"}],"author":[{"embeddable":true,"href":"https:\/\/sutauat.org\/sitio\/wp-json\/wp\/v2\/users\/1"}],"replies":[{"embeddable":true,"href":"https:\/\/sutauat.org\/sitio\/wp-json\/wp\/v2\/comments?post=40"}],"version-history":[{"count":71,"href":"https:\/\/sutauat.org\/sitio\/wp-json\/wp\/v2\/pages\/40\/revisions"}],"predecessor-version":[{"id":2011,"href":"https:\/\/sutauat.org\/sitio\/wp-json\/wp\/v2\/pages\/40\/revisions\/2011"}],"wp:attachment":[{"href":"https:\/\/sutauat.org\/sitio\/wp-json\/wp\/v2\/media?parent=40"}],"curies":[{"name":"wp","href":"https:\/\/api.w.org\/{rel}","templated":true}]}}