{"id":654,"date":"2016-11-18T04:12:26","date_gmt":"2016-11-18T04:12:26","guid":{"rendered":"http:\/\/fet-uat.net\/sutauat\/v10\/?page_id=6"},"modified":"2021-09-24T16:52:38","modified_gmt":"2021-09-24T16:52:38","slug":"inicial","status":"publish","type":"page","link":"https:\/\/sutauat.org\/sitio\/","title":{"rendered":"inicial"},"content":{"rendered":"<div class=\"wpb-content-wrapper\"><p>[vc_row][vc_column]\n\t\t\t<!-- START Entrada REVOLUTION SLIDER 6.7.18 --><p class=\"rs-p-wp-fix\"><\/p>\n\t\t\t<rs-module-wrap id=\"rev_slider_2_1_wrapper\" data-source=\"gallery\" style=\"visibility:hidden;background:transparent;padding:0;margin:0px auto;margin-top:0;margin-bottom:0;\">\n\t\t\t\t<rs-module id=\"rev_slider_2_1\" style=\"\" data-version=\"6.7.18\">\n\t\t\t\t\t<rs-slides style=\"overflow: hidden; position: absolute;\">\n\t\t\t\t\t\t<rs-slide style=\"position: absolute;\" data-key=\"rs-2\" data-title=\"Slide\" data-duration=\"2000\" data-anim=\"adpr:false;\">\n\t\t\t\t\t\t\t<img decoding=\"async\" src=\"\/\/sutauat.org\/sitio\/wp-content\/plugins\/revslider\/sr6\/assets\/assets\/dummy.png\" alt=\"\" title=\"inicial\" class=\"rev-slidebg tp-rs-img rs-lazyload\" data-lazyload=\"\/\/sutauat.org\/sitio\/wp-content\/uploads\/2016\/11\/bibliuat03.png\" data-no-retina>\n<!--\n\t\t\t\t\t\t\t--><rs-layer\n\t\t\t\t\t\t\t\tid=\"slider-2-slide-2-layer-1\" \n\t\t\t\t\t\t\t\tdata-type=\"text\"\n\t\t\t\t\t\t\t\tdata-color=\"rgba(255,255,255,1)\"\n\t\t\t\t\t\t\t\tdata-rsp_ch=\"on\"\n\t\t\t\t\t\t\t\tdata-xy=\"x:c;xo:15px;y:c;yo:74px;\"\n\t\t\t\t\t\t\t\tdata-text=\"s:80;l:22;a:inherit;\"\n\t\t\t\t\t\t\t\tdata-dim=\"w:474px;\"\n\t\t\t\t\t\t\t\tdata-frame_0=\"sX:0.8;sY:0.8;tp:600;\"\n\t\t\t\t\t\t\t\tdata-frame_1=\"tp:600;e:power4.out;sp:3350;sR:10;\"\n\t\t\t\t\t\t\t\tdata-frame_999=\"o:0;tp:600;st:w;sR:-1360;\"\n\t\t\t\t\t\t\t\tstyle=\"z-index:5;font-family:'Open Sans';\"\n\t\t\t\t\t\t\t>S U T A U A T \n\t\t\t\t\t\t\t<\/rs-layer><!--\n-->\t\t\t\t\t<\/rs-slide>\n\t\t\t\t\t<\/rs-slides>\n\t\t\t\t<\/rs-module>\n\t\t\t\t<script>\n\t\t\t\t\tsetREVStartSize({c: 'rev_slider_2_1',rl:[1240,1024,778,480],el:[],gw:[1240],gh:[300],type:'hero',justify:'',layout:'fullwidth',mh:\"0\"});if (window.RS_MODULES!==undefined && window.RS_MODULES.modules!==undefined && window.RS_MODULES.modules[\"revslider21\"]!==undefined) {window.RS_MODULES.modules[\"revslider21\"].once = false;window.revapi2 = undefined;if (window.RS_MODULES.checkMinimal!==undefined) window.RS_MODULES.checkMinimal()}\n\t\t\t\t<\/script>\n\t\t\t<\/rs-module-wrap>\n\t\t\t<!-- END REVOLUTION SLIDER -->\n[\/vc_column][\/vc_row][vc_row full_width=\u00bbstretch_row\u00bb css=\u00bb.vc_custom_1489962637839{margin-bottom: 100px !important;border-bottom-width: 100px !important;}\u00bb][vc_column][wd_headings headings_title=\u00bbSindicato \u00danico de Trabajadores Acad\u00e9micos de la Universidad Aut\u00f3noma de Tamaulipas\u00bb headings_title_tag=\u00bbh1&#8243; headings_subtitle=\u00bb\u201cPor la Superaci\u00f3n Acad\u00e9mica y Laboral\u201d.\u00bb headings_separator=\u00bbborder\u00bb headings_separator_border_color=\u00bb#ed8f23&#8243; headings_separator_border_width=\u00bb5px\u00bb wd_heading_font_weight=\u00bb400&#8243; wd_heading_color=\u00bb#0047a1&#8243; wd_sub_heading_font_weight=\u00bb400&#8243; wd_sub_heading_color=\u00bb#0047a1&#8243; css_animation=\u00bbfadeInLeft\u00bb wd_heading_font_size=\u00bb30&#8243;][\/vc_column][\/vc_row][vc_row full_width=\u00bbstretch_row\u00bb][vc_column][wd_headings headings_title=\u00bbEnlaces R\u00e1pidos\u00bb headings_title_tag=\u00bbh1&#8243; headings_subtitle=\u00bb\u00bb headings_separator=\u00bbborder\u00bb headings_separator_border_color=\u00bb#ed8f23&#8243; headings_separator_border_width=\u00bb5px\u00bb wd_heading_font_weight=\u00bb400&#8243; wd_heading_color=\u00bb#0047a1&#8243; wd_sub_heading_font_weight=\u00bb400&#8243; wd_sub_heading_color=\u00bb#0047a1&#8243; css_animation=\u00bbfadeInLeft\u00bb wd_heading_font_size=\u00bb30&#8243;][\/vc_column][\/vc_row][vc_row full_width=\u00bbstretch_row\u00bb content_placement=\u00bbmiddle\u00bb css=\u00bb.vc_custom_1489962691841{background-position: center !important;background-repeat: no-repeat !important;background-size: cover !important;}\u00bb][vc_column width=\u00bb1\/6&#8243;][vc_single_image image=\u00bb1782&#8243; img_size=\u00bb128&#215;128&#8243; alignment=\u00bbcenter\u00bb onclick=\u00bbcustom_link\u00bb css_animation=\u00bbbounceInLeft\u00bb link=\u00bbhttp:\/\/sutauat.org\/sitio\/historia\/\u00bb title=\u00bbHistoria\u00bb][\/vc_column][vc_column width=\u00bb1\/6&#8243;][vc_single_image image=\u00bb2058&#8243; onclick=\u00bbcustom_link\u00bb css_animation=\u00bbbounceInLeft\u00bb title=\u00bbFormatos\u00bb link=\u00bbhttp:\/\/sutauat.org\/sitio\/formatos\/\u00bb][\/vc_column][vc_column width=\u00bb1\/6&#8243;][vc_single_image image=\u00bb2025&#8243; onclick=\u00bbcustom_link\u00bb css_animation=\u00bbbounceInLeft\u00bb title=\u00bbNoticias\u00bb link=\u00bbhttp:\/\/sutauat.org\/sitio\/noticias-2\/\u00bb][\/vc_column][vc_column width=\u00bb1\/6&#8243;][vc_single_image image=\u00bb2044&#8243; onclick=\u00bbcustom_link\u00bb css_animation=\u00bbbounceInLeft\u00bb title=\u00bbContacto\u00bb link=\u00bbhttp:\/\/sutauat.org\/sitio\/contacto\/\u00bb][\/vc_column][vc_column width=\u00bb1\/3&#8243;][vc_widget_sidebar sidebar_id=\u00bbsidebar-1&#8243;][\/vc_column][\/vc_row][vc_row full_width=\u00bbstretch_row\u00bb css=\u00bb.vc_custom_1480387448315{margin-bottom: 30px !important;padding-top: 50px !important;padding-bottom: 20px !important;}\u00bb][vc_column][wd_headings headings_title=\u00bbActividades\u00bb headings_title_tag=\u00bbh1&#8243; headings_subtitle=\u00bbVisite nuestro blog de Actividades\u00bb headings_separator=\u00bbborder\u00bb headings_separator_border_color=\u00bb#ed8f23&#8243; wd_heading_font_weight=\u00bb400&#8243; wd_heading_color=\u00bb#000000&#8243; wd_sub_heading_font_weight=\u00bb400&#8243; wd_sub_heading_color=\u00bb#000000&#8243; css_animation=\u00bbrollIn\u00bb][na_posts_grid style=\u00bbmega-post-carousel2&#8243; grid=\u00bb3&#8243; comment=\u00bbnone\u00bb catg=\u00bbnone\u00bb txtclr=\u00bb#000000&#8243; dateclr=\u00bb#000000&#8243; descclr=\u00bb#888888&#8243; settings=\u00bbsize:3|order_by:date|order:DESC|post_type:post|categories:3&#8243;][\/vc_column][\/vc_row][vc_row][vc_column width=\u00bb1\/2&#8243;][wd_headings headings_title=\u00bbConvocatorias y Documentos\u00bb headings_subtitle=\u00bben formato PDF\u00bb headings_separator=\u00bbborder\u00bb headings_separator_border_color=\u00bb#ed8f23&#8243; wd_heading_font_weight=\u00bb400&#8243; wd_heading_color=\u00bb#000000&#8243; wd_sub_heading_font_weight=\u00bb400&#8243; wd_sub_heading_color=\u00bb#000000&#8243; css_animation=\u00bbrotateIn\u00bb][na_posts_grid grid=\u00bb3&#8243; comment=\u00bbnone\u00bb catg=\u00bbnone\u00bb txtclr=\u00bb#000000&#8243; dateclr=\u00bb#000000&#8243; descclr=\u00bb#888888&#8243; settings=\u00bbsize:3|order_by:date|order:DESC|post_type:post|categories:9,11&#8243;][\/vc_column][vc_column width=\u00bb1\/2&#8243;][wd_headings headings_title=\u00bbDifusi\u00f3n\u00bb headings_subtitle=\u00bben formato PDF\u00bb headings_separator=\u00bbborder\u00bb headings_separator_border_color=\u00bb#ed8f23&#8243; wd_heading_font_weight=\u00bb400&#8243; wd_heading_color=\u00bb#000000&#8243; wd_sub_heading_font_weight=\u00bb400&#8243; wd_sub_heading_color=\u00bb#000000&#8243; css_animation=\u00bbrotateIn\u00bb][na_posts_grid grid=\u00bb3&#8243; comment=\u00bbnone\u00bb catg=\u00bbnone\u00bb settings=\u00bbsize:3|order_by:date|order:DESC|post_type:post|categories:8&#8243;][\/vc_column][\/vc_row]<\/p>\n<\/div>","protected":false},"excerpt":{"rendered":"<p>[vc_row][vc_column][\/vc_column][\/vc_row][vc_row full_width=\u00bbstretch_row\u00bb css=\u00bb.vc_custom_1489962637839{margin-bottom: 100px !important;border-bottom-width: 100px !important;}\u00bb][vc_column][wd_headings headings_title=\u00bbSindicato \u00danico de Trabajadores Acad\u00e9micos de la Universidad Aut\u00f3noma de Tamaulipas\u00bb headings_title_tag=\u00bbh1&#8243; headings_subtitle=\u00bb\u201cPor la Superaci\u00f3n Acad\u00e9mica y Laboral\u201d.\u00bb headings_separator=\u00bbborder\u00bb headings_separator_border_color=\u00bb#ed8f23&#8243; headings_separator_border_width=\u00bb5px\u00bb wd_heading_font_weight=\u00bb400&#8243; wd_heading_color=\u00bb#0047a1&#8243; wd_sub_heading_font_weight=\u00bb400&#8243; wd_sub_heading_color=\u00bb#0047a1&#8243; css_animation=\u00bbfadeInLeft\u00bb wd_heading_font_size=\u00bb30&#8243;][\/vc_column][\/vc_row][vc_row full_width=\u00bbstretch_row\u00bb][vc_column][wd_headings headings_title=\u00bbEnlaces R\u00e1pidos\u00bb headings_title_tag=\u00bbh1&#8243; headings_subtitle=\u00bb\u00bb headings_separator=\u00bbborder\u00bb headings_separator_border_color=\u00bb#ed8f23&#8243; headings_separator_border_width=\u00bb5px\u00bb wd_heading_font_weight=\u00bb400&#8243; wd_heading_color=\u00bb#0047a1&#8243; wd_sub_heading_font_weight=\u00bb400&#8243; wd_sub_heading_color=\u00bb#0047a1&#8243; css_animation=\u00bbfadeInLeft\u00bb wd_heading_font_size=\u00bb30&#8243;][\/vc_column][\/vc_row][vc_row full_width=\u00bbstretch_row\u00bb content_placement=\u00bbmiddle\u00bb css=\u00bb.vc_custom_1489962691841{background-position: center !important;background-repeat: no-repeat !important;background-size: [&hellip;]<\/p>\n","protected":false},"author":1,"featured_media":0,"parent":0,"menu_order":0,"comment_status":"closed","ping_status":"closed","template":"","meta":{"footnotes":""},"class_list":["post-654","page","type-page","status-publish","hentry"],"_links":{"self":[{"href":"https:\/\/sutauat.org\/sitio\/wp-json\/wp\/v2\/pages\/654","targetHints":{"allow":["GET"]}}],"collection":[{"href":"https:\/\/sutauat.org\/sitio\/wp-json\/wp\/v2\/pages"}],"about":[{"href":"https:\/\/sutauat.org\/sitio\/wp-json\/wp\/v2\/types\/page"}],"author":[{"embeddable":true,"href":"https:\/\/sutauat.org\/sitio\/wp-json\/wp\/v2\/users\/1"}],"replies":[{"embeddable":true,"href":"https:\/\/sutauat.org\/sitio\/wp-json\/wp\/v2\/comments?post=654"}],"version-history":[{"count":122,"href":"https:\/\/sutauat.org\/sitio\/wp-json\/wp\/v2\/pages\/654\/revisions"}],"predecessor-version":[{"id":2059,"href":"https:\/\/sutauat.org\/sitio\/wp-json\/wp\/v2\/pages\/654\/revisions\/2059"}],"wp:attachment":[{"href":"https:\/\/sutauat.org\/sitio\/wp-json\/wp\/v2\/media?parent=654"}],"curies":[{"name":"wp","href":"https:\/\/api.w.org\/{rel}","templated":true}]}}